{"id":457,"date":"2024-12-01T03:25:38","date_gmt":"2024-12-01T03:25:38","guid":{"rendered":"https:\/\/test.uat88.com\/test_elementor\/?page_id=457"},"modified":"2025-06-10T01:48:29","modified_gmt":"2025-06-10T01:48:29","slug":"thank-you-page","status":"publish","type":"page","link":"https:\/\/jobshires.com\/de\/thank-you-page\/","title":{"rendered":"Dankesch\u00f6n-Seite"},"content":{"rendered":"<div data-elementor-type=\"wp-page\" data-elementor-id=\"457\" class=\"elementor elementor-457\" data-elementor-post-type=\"page\">\n\t\t\t\t<div class=\"elementor-element elementor-element-2045f73 e-con-full e-flex e-con e-parent\" data-id=\"2045f73\" data-element_type=\"container\">\n\t\t<div class=\"elementor-element elementor-element-fe62711 e-con-full e-flex e-con e-child\" data-id=\"fe62711\" data-element_type=\"container\">\n\t\t\t\t<div class=\"elementor-element elementor-element-926ac89 elementor-widget elementor-widget-image\" data-id=\"926ac89\" data-element_type=\"widget\" data-widget_type=\"image.default\">\n\t\t\t\t\t\t\t\t\t\t\t\t\t\t\t<img decoding=\"async\" width=\"350\" height=\"72\" src=\"https:\/\/jobshires.com\/wp-content\/uploads\/2025\/06\/jobshires-high-resolution-logo-transparent.png\" class=\"attachment-full size-full wp-image-10896\" alt=\"\" srcset=\"https:\/\/jobshires.com\/wp-content\/uploads\/2025\/06\/jobshires-high-resolution-logo-transparent.png 350w, https:\/\/jobshires.com\/wp-content\/uploads\/2025\/06\/jobshires-high-resolution-logo-transparent-300x62.png 300w, https:\/\/jobshires.com\/wp-content\/uploads\/2025\/06\/jobshires-high-resolution-logo-transparent-18x4.png 18w\" sizes=\"(max-width: 350px) 100vw, 350px\" \/>\t\t\t\t\t\t\t\t\t\t\t\t\t\t\t<\/div>\n\t\t\t\t<\/div>\n\t\t<div class=\"elementor-element elementor-element-c95c594 e-con-full e-flex e-con e-child\" data-id=\"c95c594\" data-element_type=\"container\">\n\t\t\t\t<div class=\"elementor-element elementor-element-3a81cf0 elementor-widget elementor-widget-ekit-nav-menu\" data-id=\"3a81cf0\" data-element_type=\"widget\" data-widget_type=\"ekit-nav-menu.default\">\n\t\t\t\t<div class=\"elementor-widget-container\">\n\t\t\t\t\t\t\t<nav class=\"ekit-wid-con ekit_menu_responsive_tablet\" \n\t\t\tdata-hamburger-icon=\"\" \n\t\t\tdata-hamburger-icon-type=\"icon\" \n\t\t\tdata-responsive-breakpoint=\"1024\">\n\t\t\t            <button class=\"elementskit-menu-hamburger elementskit-menu-toggler\"  type=\"button\" aria-label=\"hamburger-icon\">\n                                    <span class=\"elementskit-menu-hamburger-icon\"><\/span><span class=\"elementskit-menu-hamburger-icon\"><\/span><span class=\"elementskit-menu-hamburger-icon\"><\/span>\n                            <\/button>\n            <div id=\"ekit-megamenu-eljob\" class=\"elementskit-menu-container elementskit-menu-offcanvas-elements elementskit-navbar-nav-default ekit-nav-menu-one-page-no ekit-nav-dropdown-hover\"><ul id=\"menu-eljob\" class=\"elementskit-navbar-nav elementskit-menu-po-center submenu-click-on-icon\"><li id=\"menu-item-6638\" class=\"menu-item menu-item-type-post_type menu-item-object-page menu-item-home menu-item-6638 nav-item elementskit-mobile-builder-content\" data-vertical-menu=\"750px\"><a href=\"https:\/\/jobshires.com\/de\/\" class=\"ekit-menu-nav-link\">Startseite<\/a><\/li>\n<li id=\"menu-item-6639\" class=\"menu-item menu-item-type-post_type menu-item-object-page menu-item-6639 nav-item elementskit-mobile-builder-content\" data-vertical-menu=\"750px\"><a href=\"https:\/\/jobshires.com\/de\/position\/\" class=\"ekit-menu-nav-link\">Position<\/a><\/li>\n<li id=\"menu-item-6640\" class=\"menu-item menu-item-type-custom menu-item-object-custom menu-item-6640 nav-item elementskit-mobile-builder-content\" data-vertical-menu=\"750px\"><a href=\"https:\/\/jobshires.com\/de\/Home\/#faq\" class=\"ekit-menu-nav-link\">FAQ<\/a><\/li>\n<li id=\"menu-item-6641\" class=\"menu-item menu-item-type-custom menu-item-object-custom menu-item-6641 nav-item elementskit-mobile-builder-content\" data-vertical-menu=\"750px\"><a href=\"https:\/\/jobshires.com\/de\/Home\/#testimonial\" class=\"ekit-menu-nav-link\">Zeugnis<\/a><\/li>\n<\/ul><div class=\"elementskit-nav-identity-panel\"><button class=\"elementskit-menu-close elementskit-menu-toggler\" type=\"button\">X<\/button><\/div><\/div>\t\t\t\n\t\t\t<div class=\"elementskit-menu-overlay elementskit-menu-offcanvas-elements elementskit-menu-toggler ekit-nav-menu--overlay\"><\/div>        <\/nav>\n\t\t\t\t\t\t<\/div>\n\t\t\t\t<\/div>\n\t\t\t\t<\/div>\n\t\t<div class=\"elementor-element elementor-element-24dfded e-con-full e-flex e-con e-child\" data-id=\"24dfded\" data-element_type=\"container\">\n\t\t\t\t<div class=\"elementor-element elementor-element-64bc21d elementor-widget elementor-widget-button\" data-id=\"64bc21d\" data-element_type=\"widget\" data-widget_type=\"button.default\">\n\t\t\t\t\t\t\t\t\t\t<a class=\"elementor-button elementor-button-link elementor-size-sm\" href=\"https:\/\/jobshires.com\/de\/apply-now\/\">\n\t\t\t\t\t\t<span class=\"elementor-button-content-wrapper\">\n\t\t\t\t\t\t\t\t\t<span class=\"elementor-button-text\">Jetzt bewerben<\/span>\n\t\t\t\t\t<\/span>\n\t\t\t\t\t<\/a>\n\t\t\t\t\t\t\t\t<\/div>\n\t\t\t\t<\/div>\n\t\t\t\t<\/div>\n\t\t<div class=\"elementor-element elementor-element-3cbc8c27 e-con-full e-flex e-con e-parent\" data-id=\"3cbc8c27\" data-element_type=\"container\">\n\t\t<div class=\"elementor-element elementor-element-2a16eaf0 e-flex e-con-boxed e-con e-child\" data-id=\"2a16eaf0\" data-element_type=\"container\" data-settings=\"{&quot;background_background&quot;:&quot;classic&quot;}\">\n\t\t\t\t\t<div class=\"e-con-inner\">\n\t\t\t\t<div class=\"elementor-element elementor-element-6ce1600a elementor-widget elementor-widget-heading\" data-id=\"6ce1600a\" data-element_type=\"widget\" data-widget_type=\"heading.default\">\n\t\t\t\t\t<h3 class=\"elementor-heading-title elementor-size-default\">Vielen Dank f\u00fcr Ihre Einsendung<\/h3>\t\t\t\t<\/div>\n\t\t\t\t<div class=\"elementor-element elementor-element-4ccbe0a6 elementor-widget__width-initial elementor-widget elementor-widget-heading\" data-id=\"4ccbe0a6\" data-element_type=\"widget\" data-widget_type=\"heading.default\">\n\t\t\t\t\t<p class=\"elementor-heading-title elementor-size-default\">Vielen Dank f\u00fcr Ihre Bewerbung! Unsere Recruiter pr\u00fcfen Ihre Angaben und werden sich innerhalb von 1-2 Werktagen per Whatsapp mit Ihnen in Verbindung setzen.<\/p>\t\t\t\t<\/div>\n\t\t\t\t\t<\/div>\n\t\t\t\t<\/div>\n\t\t<div class=\"elementor-element elementor-element-48a9841 e-flex e-con-boxed e-con e-child\" data-id=\"48a9841\" data-element_type=\"container\" data-settings=\"{&quot;background_background&quot;:&quot;classic&quot;}\">\n\t\t\t\t\t<div class=\"e-con-inner\">\n\t\t<div class=\"elementor-element elementor-element-5d445429 e-con-full e-flex e-con e-child\" data-id=\"5d445429\" data-element_type=\"container\" data-settings=\"{&quot;background_background&quot;:&quot;classic&quot;}\">\n\t\t\t\t<div class=\"elementor-element elementor-element-71ef3b31 e-transform elementor-widget elementor-widget-button\" data-id=\"71ef3b31\" data-element_type=\"widget\" data-settings=\"{&quot;_transform_translateY_effect_hover&quot;:{&quot;unit&quot;:&quot;px&quot;,&quot;size&quot;:8,&quot;sizes&quot;:[]},&quot;_transform_translateX_effect_hover&quot;:{&quot;unit&quot;:&quot;px&quot;,&quot;size&quot;:&quot;&quot;,&quot;sizes&quot;:[]},&quot;_transform_translateX_effect_hover_tablet&quot;:{&quot;unit&quot;:&quot;px&quot;,&quot;size&quot;:&quot;&quot;,&quot;sizes&quot;:[]},&quot;_transform_translateX_effect_hover_mobile&quot;:{&quot;unit&quot;:&quot;px&quot;,&quot;size&quot;:&quot;&quot;,&quot;sizes&quot;:[]},&quot;_transform_translateY_effect_hover_tablet&quot;:{&quot;unit&quot;:&quot;px&quot;,&quot;size&quot;:&quot;&quot;,&quot;sizes&quot;:[]},&quot;_transform_translateY_effect_hover_mobile&quot;:{&quot;unit&quot;:&quot;px&quot;,&quot;size&quot;:&quot;&quot;,&quot;sizes&quot;:[]}}\" data-widget_type=\"button.default\">\n\t\t\t\t\t\t\t\t\t\t<a class=\"elementor-button elementor-button-link elementor-size-sm\" href=\"https:\/\/jobshires.com\/de\/\">\n\t\t\t\t\t\t<span class=\"elementor-button-content-wrapper\">\n\t\t\t\t\t\t<span class=\"elementor-button-icon\">\n\t\t\t\t<i aria-hidden=\"true\" class=\"rtmicon rtmicon-chevron-right\"><\/i>\t\t\t<\/span>\n\t\t\t\t\t\t\t\t\t<span class=\"elementor-button-text\">Zur\u00fcck nach Hause<\/span>\n\t\t\t\t\t<\/span>\n\t\t\t\t\t<\/a>\n\t\t\t\t\t\t\t\t<\/div>\n\t\t\t\t<\/div>\n\t\t\t\t\t<\/div>\n\t\t\t\t<\/div>\n\t\t\t\t<\/div>\n\t\t<div class=\"elementor-element elementor-element-2dfe51e2 e-flex e-con-boxed e-con e-parent\" data-id=\"2dfe51e2\" data-element_type=\"container\" data-settings=\"{&quot;background_background&quot;:&quot;classic&quot;}\">\n\t\t\t\t\t<div class=\"e-con-inner\">\n\t\t<div class=\"elementor-element elementor-element-d9fd43f e-con-full e-flex e-con e-child\" data-id=\"d9fd43f\" data-element_type=\"container\">\n\t\t\t\t<div class=\"elementor-element elementor-element-49cda01 elementor-widget elementor-widget-html\" data-id=\"49cda01\" data-element_type=\"widget\" data-widget_type=\"html.default\">\n\t\t\t\t\t<!-- Event snippet for Germany Submit Lead Form conversion page -->\r\n<script>\r\n  gtag('event', 'conversion', {'send_to': 'AW-17163364696\/wYiSCKuz1dQaENjSkPg_'});\r\n<\/script>\t\t\t\t<\/div>\n\t\t\t\t<\/div>\n\t\t\t\t\t<\/div>\n\t\t\t\t<\/div>\n\t\t<div class=\"elementor-element elementor-element-2099d451 e-con-full e-flex e-con e-parent\" data-id=\"2099d451\" data-element_type=\"container\">\n\t\t<div class=\"elementor-element elementor-element-76eba50 e-con-full e-flex e-con e-child\" data-id=\"76eba50\" data-element_type=\"container\" data-settings=\"{&quot;background_background&quot;:&quot;classic&quot;}\">\n\t\t<div class=\"elementor-element elementor-element-53f4af5 e-con-full e-flex e-con e-child\" data-id=\"53f4af5\" data-element_type=\"container\">\n\t\t<div class=\"elementor-element elementor-element-538400e e-con-full e-flex e-con e-child\" data-id=\"538400e\" data-element_type=\"container\">\n\t\t\t\t<div class=\"elementor-element elementor-element-57004aa elementor-widget__width-initial elementor-widget elementor-widget-image\" data-id=\"57004aa\" data-element_type=\"widget\" data-widget_type=\"image.default\">\n\t\t\t\t\t\t\t\t\t\t\t\t\t\t\t<img decoding=\"async\" width=\"350\" height=\"72\" src=\"https:\/\/jobshires.com\/wp-content\/uploads\/2025\/06\/jobshires-high-resolution-logo-transparent-1.png\" class=\"attachment-full size-full wp-image-10897\" alt=\"\" srcset=\"https:\/\/jobshires.com\/wp-content\/uploads\/2025\/06\/jobshires-high-resolution-logo-transparent-1.png 350w, https:\/\/jobshires.com\/wp-content\/uploads\/2025\/06\/jobshires-high-resolution-logo-transparent-1-300x62.png 300w, https:\/\/jobshires.com\/wp-content\/uploads\/2025\/06\/jobshires-high-resolution-logo-transparent-1-18x4.png 18w\" sizes=\"(max-width: 350px) 100vw, 350px\" \/>\t\t\t\t\t\t\t\t\t\t\t\t\t\t\t<\/div>\n\t\t\t\t<div class=\"elementor-element elementor-element-ad49395 elementor-widget__width-initial elementor-widget elementor-widget-heading\" data-id=\"ad49395\" data-element_type=\"widget\" data-widget_type=\"heading.default\">\n\t\t\t\t\t<p class=\"elementor-heading-title elementor-size-default\">Mehr als 100.000 Mitarbeiter haben sich uns angeschlossen. Vermittlung von geeigneten Stellen in 18 L\u00e4ndern. Beratungsdienste f\u00fcr die Besetzung von Vollzeit- und Teilzeitstellen.<\/p>\t\t\t\t<\/div>\n\t\t\t\t<\/div>\n\t\t<div class=\"elementor-element elementor-element-7991410 e-con-full e-flex e-con e-child\" data-id=\"7991410\" data-element_type=\"container\">\n\t\t\t\t<div class=\"elementor-element elementor-element-463c8d2 elementor-widget elementor-widget-heading\" data-id=\"463c8d2\" data-element_type=\"widget\" data-widget_type=\"heading.default\">\n\t\t\t\t\t<h4 class=\"elementor-heading-title elementor-size-default\">Schnell-Link<\/h4>\t\t\t\t<\/div>\n\t\t\t\t<div class=\"elementor-element elementor-element-afa9afa elementor-icon-list--layout-traditional elementor-list-item-link-full_width elementor-widget elementor-widget-icon-list\" data-id=\"afa9afa\" data-element_type=\"widget\" data-widget_type=\"icon-list.default\">\n\t\t\t\t\t\t\t<ul class=\"elementor-icon-list-items\">\n\t\t\t\t\t\t\t<li class=\"elementor-icon-list-item\">\n\t\t\t\t\t\t\t\t\t\t\t<a href=\"https:\/\/jobshires.com\/de\/\">\n\n\t\t\t\t\t\t\t\t\t\t\t\t<span class=\"elementor-icon-list-icon\">\n\t\t\t\t\t\t\t<i aria-hidden=\"true\" class=\"icon icon-right-arrow\"><\/i>\t\t\t\t\t\t<\/span>\n\t\t\t\t\t\t\t\t\t\t<span class=\"elementor-icon-list-text\">Startseite<\/span>\n\t\t\t\t\t\t\t\t\t\t\t<\/a>\n\t\t\t\t\t\t\t\t\t<\/li>\n\t\t\t\t\t\t\t\t<li class=\"elementor-icon-list-item\">\n\t\t\t\t\t\t\t\t\t\t\t<a href=\"https:\/\/jobshires.com\/de\/position\/\">\n\n\t\t\t\t\t\t\t\t\t\t\t\t<span class=\"elementor-icon-list-icon\">\n\t\t\t\t\t\t\t<i aria-hidden=\"true\" class=\"icon icon-right-arrow\"><\/i>\t\t\t\t\t\t<\/span>\n\t\t\t\t\t\t\t\t\t\t<span class=\"elementor-icon-list-text\">Position<\/span>\n\t\t\t\t\t\t\t\t\t\t\t<\/a>\n\t\t\t\t\t\t\t\t\t<\/li>\n\t\t\t\t\t\t\t\t<li class=\"elementor-icon-list-item\">\n\t\t\t\t\t\t\t\t\t\t\t<a href=\"https:\/\/jobshires.com\/de\/Home\/#faq\">\n\n\t\t\t\t\t\t\t\t\t\t\t\t<span class=\"elementor-icon-list-icon\">\n\t\t\t\t\t\t\t<i aria-hidden=\"true\" class=\"icon icon-right-arrow\"><\/i>\t\t\t\t\t\t<\/span>\n\t\t\t\t\t\t\t\t\t\t<span class=\"elementor-icon-list-text\">FAQ<\/span>\n\t\t\t\t\t\t\t\t\t\t\t<\/a>\n\t\t\t\t\t\t\t\t\t<\/li>\n\t\t\t\t\t\t\t\t<li class=\"elementor-icon-list-item\">\n\t\t\t\t\t\t\t\t\t\t\t<a href=\"https:\/\/jobshires.com\/de\/Home\/#testimonial\">\n\n\t\t\t\t\t\t\t\t\t\t\t\t<span class=\"elementor-icon-list-icon\">\n\t\t\t\t\t\t\t<i aria-hidden=\"true\" class=\"icon icon-right-arrow\"><\/i>\t\t\t\t\t\t<\/span>\n\t\t\t\t\t\t\t\t\t\t<span class=\"elementor-icon-list-text\">Testimonials<\/span>\n\t\t\t\t\t\t\t\t\t\t\t<\/a>\n\t\t\t\t\t\t\t\t\t<\/li>\n\t\t\t\t\t\t<\/ul>\n\t\t\t\t\t\t<\/div>\n\t\t\t\t<\/div>\n\t\t<div class=\"elementor-element elementor-element-627991c e-con-full e-flex e-con e-child\" data-id=\"627991c\" data-element_type=\"container\">\n\t\t\t\t<div class=\"elementor-element elementor-element-db5baaf elementor-widget elementor-widget-heading\" data-id=\"db5baaf\" data-element_type=\"widget\" data-widget_type=\"heading.default\">\n\t\t\t\t\t<h4 class=\"elementor-heading-title elementor-size-default\">Kontaktieren Sie uns<\/h4>\t\t\t\t<\/div>\n\t\t\t\t<div class=\"elementor-element elementor-element-94e8805 elementor-icon-list--layout-traditional elementor-list-item-link-full_width elementor-widget elementor-widget-icon-list\" data-id=\"94e8805\" data-element_type=\"widget\" data-widget_type=\"icon-list.default\">\n\t\t\t\t\t\t\t<ul class=\"elementor-icon-list-items\">\n\t\t\t\t\t\t\t<li class=\"elementor-icon-list-item\">\n\t\t\t\t\t\t\t\t\t\t\t<span class=\"elementor-icon-list-icon\">\n\t\t\t\t\t\t\t<i aria-hidden=\"true\" class=\"icon icon-placeholder1\"><\/i>\t\t\t\t\t\t<\/span>\n\t\t\t\t\t\t\t\t\t\t<span class=\"elementor-icon-list-text\">Bonn, Deutsch<\/span>\n\t\t\t\t\t\t\t\t\t<\/li>\n\t\t\t\t\t\t<\/ul>\n\t\t\t\t\t\t<\/div>\n\t\t\t\t<\/div>\n\t\t\t\t<\/div>\n\t\t<div class=\"elementor-element elementor-element-5ea4ee2 e-con-full e-flex e-con e-child\" data-id=\"5ea4ee2\" data-element_type=\"container\">\n\t\t\t\t<div class=\"elementor-element elementor-element-d191803 elementor-widget elementor-widget-heading\" data-id=\"d191803\" data-element_type=\"widget\" data-widget_type=\"heading.default\">\n\t\t\t\t\t<p class=\"elementor-heading-title elementor-size-default\">Copyright \u00a9 2025 jobshires. Alle Rechte vorbehalten.<\/p>\t\t\t\t<\/div>\n\t\t\t\t<div class=\"elementor-element elementor-element-3ede5f6 elementor-widget elementor-widget-heading\" data-id=\"3ede5f6\" data-element_type=\"widget\" data-widget_type=\"heading.default\">\n\t\t\t\t\t<p class=\"elementor-heading-title elementor-size-default\">support@jobshires.com<\/p>\t\t\t\t<\/div>\n\t\t\t\t<\/div>\n\t\t\t\t<\/div>\n\t\t\t\t<\/div>\n\t\t\t\t<\/div>","protected":false},"excerpt":{"rendered":"<p>Home Position FAQ Erfahrungsbericht X Jetzt bewerben Vielen Dank f\u00fcr Ihre Bewerbung Vielen Dank f\u00fcr Ihre Bewerbung! Unsere Recruiter pr\u00fcfen Ihre Angaben und werden sich innerhalb von 1-2 Werktagen per Whatsapp bei Ihnen melden. Zur\u00fcck zur Startseite Mehr als 100.000 Mitarbeiter haben sich uns angeschlossen. Vermittlung von geeigneten Stellen in 18 L\u00e4ndern. Wir bieten Beratungsdienste f\u00fcr [...]<\/p>","protected":false},"author":1,"featured_media":0,"parent":0,"menu_order":0,"comment_status":"closed","ping_status":"closed","template":"","meta":{"footnotes":""},"class_list":["post-457","page","type-page","status-publish","hentry"],"_links":{"self":[{"href":"https:\/\/jobshires.com\/de\/wp-json\/wp\/v2\/pages\/457","targetHints":{"allow":["GET"]}}],"collection":[{"href":"https:\/\/jobshires.com\/de\/wp-json\/wp\/v2\/pages"}],"about":[{"href":"https:\/\/jobshires.com\/de\/wp-json\/wp\/v2\/types\/page"}],"author":[{"embeddable":true,"href":"https:\/\/jobshires.com\/de\/wp-json\/wp\/v2\/users\/1"}],"replies":[{"embeddable":true,"href":"https:\/\/jobshires.com\/de\/wp-json\/wp\/v2\/comments?post=457"}],"version-history":[{"count":0,"href":"https:\/\/jobshires.com\/de\/wp-json\/wp\/v2\/pages\/457\/revisions"}],"wp:attachment":[{"href":"https:\/\/jobshires.com\/de\/wp-json\/wp\/v2\/media?parent=457"}],"curies":[{"name":"wp","href":"https:\/\/api.w.org\/{rel}","templated":true}]}}